{"id":10935,"date":"2025-07-21T15:21:01","date_gmt":"2025-07-21T13:21:01","guid":{"rendered":"https:\/\/colegiatadebolea.es\/formulario-exito\/"},"modified":"2025-08-28T13:12:35","modified_gmt":"2025-08-28T11:12:35","slug":"formulario-exito","status":"publish","type":"page","link":"https:\/\/colegiatadebolea.es\/fr\/formulario-exito\/","title":{"rendered":"formulario-exito"},"content":{"rendered":"<section class=\"l-section wpb_row height_medium full_height valign_center color_primary with_img\"><div class=\"l-section-img\" role=\"img\" aria-label=\"Image\" data-img-width=\"1600\" data-img-height=\"1067\" style=\"background-image: url(https:\/\/colegiatadebolea.es\/wp-content\/uploads\/colegiata-de-bolea-la-colegiata-bobedas-y-retablo-mayor.jpg);background-repeat: no-repeat;\"><\/div><div class=\"l-section-overlay\" style=\"background:rgba(0,0,0,0.5)\"><\/div><div class=\"l-section-h i-cf\"><div class=\"g-cols vc_row via_grid cols_1 laptops-cols_inherit tablets-cols_inherit mobiles-cols_1 valign_top type_default stacking_default\"><div class=\"wpb_column vc_column_container\"><div class=\"vc_column-inner\"><div class=\"wpb_text_column\"><div class=\"wpb_wrapper\"><h1 style=\"text-align: center;\">Il a \u00e9t\u00e9 envoy\u00e9 avec succ\u00e8s<\/h1>\n<p style=\"text-align: center;\">Nous vous r\u00e9pondrons dans les plus brefs d\u00e9lais.<\/p>\n<\/div><\/div><div class=\"w-separator size_small\"><\/div><div class=\"w-btn-wrapper align_center\"><a class=\"w-btn us-btn-style_29\" href=\"https:\/\/colegiatadebolea.es\/fr\/\"><span class=\"w-btn-label\">ACCUEIL<\/span><\/a><\/div><\/div><\/div><\/div><\/div><\/section>\n","protected":false},"excerpt":{"rendered":"Il a \u00e9t\u00e9 envoy\u00e9 avec succ\u00e8s Nous vous r\u00e9pondrons dans les plus brefs d\u00e9lais. ACCUEIL","protected":false},"author":2,"featured_media":0,"parent":0,"menu_order":0,"comment_status":"closed","ping_status":"closed","template":"","meta":{"_acf_changed":false,"footnotes":""},"class_list":["post-10935","page","type-page","status-publish","hentry"],"acf":[],"yoast_head":"<!-- This site is optimized with the Yoast SEO plugin v25.8 - https:\/\/yoast.com\/wordpress\/plugins\/seo\/ -->\n<title>formulario-exito - Asociaci\u00f3n de Amigos de la Colegiata de Bolea - Huesca<\/title>\n<meta name=\"robots\" content=\"index, follow, max-snippet:-1, max-image-preview:large, max-video-preview:-1\" \/>\n<link rel=\"canonical\" href=\"https:\/\/colegiatadebolea.es\/fr\/formulario-exito\/\" \/>\n<meta property=\"og:locale\" content=\"fr_FR\" \/>\n<meta property=\"og:type\" content=\"article\" \/>\n<meta property=\"og:title\" content=\"formulario-exito - Asociaci\u00f3n de Amigos de la Colegiata de Bolea - Huesca\" \/>\n<meta property=\"og:url\" content=\"https:\/\/colegiatadebolea.es\/fr\/formulario-exito\/\" \/>\n<meta property=\"og:site_name\" content=\"Asociaci\u00f3n de Amigos de la Colegiata de Bolea - Huesca\" \/>\n<meta property=\"article:publisher\" content=\"https:\/\/www.facebook.com\/pages\/ColegiatadeBolea\/915137545269794\/\" \/>\n<meta property=\"article:modified_time\" content=\"2025-08-28T11:12:35+00:00\" \/>\n<meta property=\"og:image\" content=\"https:\/\/colegiatadebolea.es\/wp-content\/uploads\/colegiata-de-bolea-la-colegiata-bobeda-y-parte-superior-del-retablo-mayor.jpg\" \/>\n\t<meta property=\"og:image:width\" content=\"1600\" \/>\n\t<meta property=\"og:image:height\" content=\"1093\" \/>\n\t<meta property=\"og:image:type\" content=\"image\/jpeg\" \/>\n<meta name=\"twitter:card\" content=\"summary_large_image\" \/>\n<script type=\"application\/ld+json\" class=\"yoast-schema-graph\">{\"@context\":\"https:\/\/schema.org\",\"@graph\":[{\"@type\":\"WebPage\",\"@id\":\"https:\/\/colegiatadebolea.es\/fr\/formulario-exito\/\",\"url\":\"https:\/\/colegiatadebolea.es\/fr\/formulario-exito\/\",\"name\":\"formulario-exito - Asociaci\u00f3n de Amigos de la Colegiata de Bolea - Huesca\",\"isPartOf\":{\"@id\":\"https:\/\/colegiatadebolea.es\/fr\/#website\"},\"datePublished\":\"2025-07-21T13:21:01+00:00\",\"dateModified\":\"2025-08-28T11:12:35+00:00\",\"breadcrumb\":{\"@id\":\"https:\/\/colegiatadebolea.es\/fr\/formulario-exito\/#breadcrumb\"},\"inLanguage\":\"fr-FR\",\"potentialAction\":[{\"@type\":\"ReadAction\",\"target\":[\"https:\/\/colegiatadebolea.es\/fr\/formulario-exito\/\"]}]},{\"@type\":\"BreadcrumbList\",\"@id\":\"https:\/\/colegiatadebolea.es\/fr\/formulario-exito\/#breadcrumb\",\"itemListElement\":[{\"@type\":\"ListItem\",\"position\":1,\"name\":\"Portada\",\"item\":\"https:\/\/colegiatadebolea.es\/fr\/\"},{\"@type\":\"ListItem\",\"position\":2,\"name\":\"formulario-exito\"}]},{\"@type\":\"WebSite\",\"@id\":\"https:\/\/colegiatadebolea.es\/fr\/#website\",\"url\":\"https:\/\/colegiatadebolea.es\/fr\/\",\"name\":\"Asociaci\u00f3n de Amigos de la Colegiata de Bolea - Huesca\",\"description\":\"Colegiata de Santa Mar\u00eda la Mayor de Bolea es una iglesia en la transici\u00f3n del g\u00f3tico al renacimiento construida entre 1541 y 1599 por Pedro de Ir\u00e1zabal. Retablo Mayor obra maestra de la pintura espa\u00f1ola del renacimiento.\",\"publisher\":{\"@id\":\"https:\/\/colegiatadebolea.es\/fr\/#organization\"},\"alternateName\":\"Colegiata de Bolea\",\"potentialAction\":[{\"@type\":\"SearchAction\",\"target\":{\"@type\":\"EntryPoint\",\"urlTemplate\":\"https:\/\/colegiatadebolea.es\/fr\/?s={search_term_string}\"},\"query-input\":{\"@type\":\"PropertyValueSpecification\",\"valueRequired\":true,\"valueName\":\"search_term_string\"}}],\"inLanguage\":\"fr-FR\"},{\"@type\":\"Organization\",\"@id\":\"https:\/\/colegiatadebolea.es\/fr\/#organization\",\"name\":\"Asociaci\u00f3n de Amigos de la Colegiata de Bolea\",\"url\":\"https:\/\/colegiatadebolea.es\/fr\/\",\"logo\":{\"@type\":\"ImageObject\",\"inLanguage\":\"fr-FR\",\"@id\":\"https:\/\/colegiatadebolea.es\/fr\/#\/schema\/logo\/image\/\",\"url\":\"https:\/\/colegiatadebolea.es\/wp-content\/uploads\/colegiata-de-bolea-logoamigos-favicon.png\",\"contentUrl\":\"https:\/\/colegiatadebolea.es\/wp-content\/uploads\/colegiata-de-bolea-logoamigos-favicon.png\",\"width\":512,\"height\":512,\"caption\":\"Asociaci\u00f3n de Amigos de la Colegiata de Bolea\"},\"image\":{\"@id\":\"https:\/\/colegiatadebolea.es\/fr\/#\/schema\/logo\/image\/\"},\"sameAs\":[\"https:\/\/www.facebook.com\/pages\/ColegiatadeBolea\/915137545269794\/\",\"https:\/\/www.instagram.com\/colegiatadebolea\"]}]}<\/script>\n<!-- \/ Yoast SEO plugin. -->","yoast_head_json":{"title":"formulario-exito - Asociaci\u00f3n de Amigos de la Colegiata de Bolea - Huesca","robots":{"index":"index","follow":"follow","max-snippet":"max-snippet:-1","max-image-preview":"max-image-preview:large","max-video-preview":"max-video-preview:-1"},"canonical":"https:\/\/colegiatadebolea.es\/fr\/formulario-exito\/","og_locale":"fr_FR","og_type":"article","og_title":"formulario-exito - Asociaci\u00f3n de Amigos de la Colegiata de Bolea - Huesca","og_url":"https:\/\/colegiatadebolea.es\/fr\/formulario-exito\/","og_site_name":"Asociaci\u00f3n de Amigos de la Colegiata de Bolea - Huesca","article_publisher":"https:\/\/www.facebook.com\/pages\/ColegiatadeBolea\/915137545269794\/","article_modified_time":"2025-08-28T11:12:35+00:00","og_image":[{"width":1600,"height":1093,"url":"https:\/\/colegiatadebolea.es\/wp-content\/uploads\/colegiata-de-bolea-la-colegiata-bobeda-y-parte-superior-del-retablo-mayor.jpg","type":"image\/jpeg"}],"twitter_card":"summary_large_image","schema":{"@context":"https:\/\/schema.org","@graph":[{"@type":"WebPage","@id":"https:\/\/colegiatadebolea.es\/fr\/formulario-exito\/","url":"https:\/\/colegiatadebolea.es\/fr\/formulario-exito\/","name":"formulario-exito - Asociaci\u00f3n de Amigos de la Colegiata de Bolea - Huesca","isPartOf":{"@id":"https:\/\/colegiatadebolea.es\/fr\/#website"},"datePublished":"2025-07-21T13:21:01+00:00","dateModified":"2025-08-28T11:12:35+00:00","breadcrumb":{"@id":"https:\/\/colegiatadebolea.es\/fr\/formulario-exito\/#breadcrumb"},"inLanguage":"fr-FR","potentialAction":[{"@type":"ReadAction","target":["https:\/\/colegiatadebolea.es\/fr\/formulario-exito\/"]}]},{"@type":"BreadcrumbList","@id":"https:\/\/colegiatadebolea.es\/fr\/formulario-exito\/#breadcrumb","itemListElement":[{"@type":"ListItem","position":1,"name":"Portada","item":"https:\/\/colegiatadebolea.es\/fr\/"},{"@type":"ListItem","position":2,"name":"formulario-exito"}]},{"@type":"WebSite","@id":"https:\/\/colegiatadebolea.es\/fr\/#website","url":"https:\/\/colegiatadebolea.es\/fr\/","name":"Asociaci\u00f3n de Amigos de la Colegiata de Bolea - Huesca","description":"Colegiata de Santa Mar\u00eda la Mayor de Bolea es una iglesia en la transici\u00f3n del g\u00f3tico al renacimiento construida entre 1541 y 1599 por Pedro de Ir\u00e1zabal. Retablo Mayor obra maestra de la pintura espa\u00f1ola del renacimiento.","publisher":{"@id":"https:\/\/colegiatadebolea.es\/fr\/#organization"},"alternateName":"Colegiata de Bolea","potentialAction":[{"@type":"SearchAction","target":{"@type":"EntryPoint","urlTemplate":"https:\/\/colegiatadebolea.es\/fr\/?s={search_term_string}"},"query-input":{"@type":"PropertyValueSpecification","valueRequired":true,"valueName":"search_term_string"}}],"inLanguage":"fr-FR"},{"@type":"Organization","@id":"https:\/\/colegiatadebolea.es\/fr\/#organization","name":"Asociaci\u00f3n de Amigos de la Colegiata de Bolea","url":"https:\/\/colegiatadebolea.es\/fr\/","logo":{"@type":"ImageObject","inLanguage":"fr-FR","@id":"https:\/\/colegiatadebolea.es\/fr\/#\/schema\/logo\/image\/","url":"https:\/\/colegiatadebolea.es\/wp-content\/uploads\/colegiata-de-bolea-logoamigos-favicon.png","contentUrl":"https:\/\/colegiatadebolea.es\/wp-content\/uploads\/colegiata-de-bolea-logoamigos-favicon.png","width":512,"height":512,"caption":"Asociaci\u00f3n de Amigos de la Colegiata de Bolea"},"image":{"@id":"https:\/\/colegiatadebolea.es\/fr\/#\/schema\/logo\/image\/"},"sameAs":["https:\/\/www.facebook.com\/pages\/ColegiatadeBolea\/915137545269794\/","https:\/\/www.instagram.com\/colegiatadebolea"]}]}},"_links":{"self":[{"href":"https:\/\/colegiatadebolea.es\/fr\/wp-json\/wp\/v2\/pages\/10935","targetHints":{"allow":["GET"]}}],"collection":[{"href":"https:\/\/colegiatadebolea.es\/fr\/wp-json\/wp\/v2\/pages"}],"about":[{"href":"https:\/\/colegiatadebolea.es\/fr\/wp-json\/wp\/v2\/types\/page"}],"author":[{"embeddable":true,"href":"https:\/\/colegiatadebolea.es\/fr\/wp-json\/wp\/v2\/users\/2"}],"replies":[{"embeddable":true,"href":"https:\/\/colegiatadebolea.es\/fr\/wp-json\/wp\/v2\/comments?post=10935"}],"version-history":[{"count":2,"href":"https:\/\/colegiatadebolea.es\/fr\/wp-json\/wp\/v2\/pages\/10935\/revisions"}],"predecessor-version":[{"id":10937,"href":"https:\/\/colegiatadebolea.es\/fr\/wp-json\/wp\/v2\/pages\/10935\/revisions\/10937"}],"wp:attachment":[{"href":"https:\/\/colegiatadebolea.es\/fr\/wp-json\/wp\/v2\/media?parent=10935"}],"curies":[{"name":"wp","href":"https:\/\/api.w.org\/{rel}","templated":true}]}}