{"id":10960,"date":"2025-07-20T11:03:23","date_gmt":"2025-07-20T09:03:23","guid":{"rendered":"https:\/\/colegiatadebolea.es\/privacy-policy\/"},"modified":"2025-08-28T16:26:55","modified_gmt":"2025-08-28T14:26:55","slug":"privacy-policy","status":"publish","type":"page","link":"https:\/\/colegiatadebolea.es\/en\/privacy-policy\/","title":{"rendered":"Privacy Policy"},"content":{"rendered":"<section class=\"l-section wpb_row height_custom color_primary\"><div class=\"l-section-h i-cf\"><div class=\"g-cols vc_row via_grid cols_1 laptops-cols_inherit tablets-cols_inherit mobiles-cols_1 valign_top type_default stacking_default\"><div class=\"wpb_column vc_column_container\"><div class=\"vc_column-inner\"><div class=\"wpb_text_column\"><div class=\"wpb_wrapper\"><h1 style=\"text-align: center\">Privacy Policy<\/h1>\n<\/div><\/div><div class=\"w-separator size_small\"><\/div><div class=\"w-iconbox iconpos_top style_default color_custom align_center no_text no_title\"><div class=\"w-iconbox-icon\" style=\"font-size:2rem;\"><i class=\"far fa-chevron-down\"><\/i><\/div><div class=\"w-iconbox-meta\"><\/div><\/div><\/div><\/div><\/div><\/div><\/section><section class=\"l-section wpb_row height_medium\"><div class=\"l-section-h i-cf\"><div class=\"g-cols vc_row via_grid cols_1 laptops-cols_inherit tablets-cols_inherit mobiles-cols_1 valign_top type_default stacking_default\" style=\"--columns-gap:65px;\"><div class=\"wpb_column vc_column_container\"><div class=\"vc_column-inner\"><div class=\"wpb_text_column\"><div class=\"wpb_wrapper\"><div id=\"lipsum\">\n<p><strong>Documento de pol\u00edtica de privacidad de datos actualizado a <\/strong><strong>20 de julio de 2025<\/strong> La privacidad de tus datos personales es importante para nosotros. Gracias por informarte y confiar en nuestra gesti\u00f3n. Conforme al Reglamento General sobre Protecci\u00f3n de datos RGPD, al aceptar nuestra pol\u00edtica de privacidad est\u00e1s prestando un consentimiento informado, expreso, libre e inequ\u00edvoco para que los datos personales que proporcionas a trav\u00e9s de <strong>colegiatadebolea.es <\/strong>sean tratados por la Asociaci\u00f3n de Amigos de la Colegiata de Bolea La Asociaci\u00f3n de Amigos de la Colegiata de Bolea cumple con la normativa vigente en relaci\u00f3n con la Privacidad y Protecci\u00f3n de datos seg\u00fan la legislaci\u00f3n:  <\/p>\n<ul>\n<li>El RGPD (Reglamento UE 2016\/679 del Parlamento Europeo y del Consejo de 27 de abril de 2016 relativo a la protecci\u00f3n de las personas f\u00edsicas.<\/li>\n<li>La LOPD (Ley Org\u00e1nica 15\/1999, de 13 de diciembre, de Protecci\u00f3n de Datos de Car\u00e1cter Personal y Real Decreto 1720\/2007, de 21 de diciembre, el Reglamento de desarrollo de la LOPD).<\/li>\n<li>La LSSI (Ley 34\/2002, de 11 de julio, de Servicios de la Sociedad de la Informaci\u00f3n y Comercio Electr\u00f3nico)<\/li>\n<\/ul>\n<p><strong>\u00bfQui\u00e9n es el responsable del tratamiento de tus datos personales?<\/strong> Asociaci\u00f3n de Amigos de la Colegiata de Bolea CIF: G22135560 C\/Medio N\u00ba 3 \u2013 22160 \u2013 BOLEA (Huesca) <a href=\"mailto:info@colegiatadebolea.es\">info@colegiatadebolea.es<\/a> <a href=\"tel:+34649655125\">+ 34 649 655 125<\/a> La Asociaci\u00f3n de Amigos de la Colegiata de Bolea no es responsable de los datos personales recabados en sitios web de terceros aunque sean enlazados desde <strong>colegiatadebolea.es<\/strong> <strong> <\/strong><strong>\u00bfQu\u00e9 datos se definen como personales?<\/strong> Tu informaci\u00f3n personal como: Nombre y Apellidos, Email, Tel\u00e9fono\u2026 o cualquier otro relativo a tu persona que puedas comunicarnos desde el formulario de contacto de la web. Es posible que <strong>colegiatadebolea.es<\/strong> o terceros que prestan servicios a nuestro sitio web, almacenen la direcci\u00f3n IP asignada a cada visitante por su empresa de telecomunicaciones por motivos de seguridad, an\u00e1lisis o estad\u00edsticos. <strong>\u00bfQu\u00e9 categor\u00edas de datos se tratan desde colegiatadebolea.es?<\/strong> La escuela tratar\u00e1 los datos que nos suministre, pudiendo ser datos de categor\u00edas especiales o sensibles. -Datos de car\u00e1cter identificativo. -Datos relativos a las preferencias y satisfacci\u00f3n. -Datos relativos a la salud.     <strong> <\/strong><strong>\u00bfCu\u00e1l es la finalidad del tratamiento de los datos?<\/strong> La finalidad del tratamiento de los datos personales es exclusivamente el env\u00edo de las comunicaciones electr\u00f3nicas. Solicitamos datos personales con la finalidad de responder adecuadamente a las solicitudes de informaci\u00f3n y contacto.  <strong>\u00bfDurante cu\u00e1nto tiempo conservamos tus datos personales?<\/strong> El tiempo de conservaci\u00f3n de los datos ser\u00e1 el establecido legalmente. En cualquier momento si lo solicitas eliminaremos tus datos personales. Conservaremos los datos personales recogidos en los formularios de contacto y solicitud de informaci\u00f3n hasta la resoluci\u00f3n de asunto y la solicitud recibida.   <strong> <\/strong><strong>\u00bfCu\u00e1l es la legitimaci\u00f3n del tratamiento de los datos personales?<\/strong> La legitimaci\u00f3n del tratamiento de tus datos personales se produce por tu consentimiento al aceptar los t\u00e9rminos de la pol\u00edtica de privacidad de <strong>colegiatadebolea.es<\/strong>. No existe una ejecuci\u00f3n contractual, obligaci\u00f3n legal, inter\u00e9s p\u00fablico en la legitimaci\u00f3n de los datos personales. En cualquier momento, si lo solicitas, eliminaremos tus datos personales.   <strong> <\/strong><strong>\u00bfExisten otros destinatarios, cesiones o transferencias de tus datos personales?<\/strong> No se comunicar\u00e1n datos personales a terceros salvo obligaci\u00f3n legal. <strong>\u00bfC\u00f3mo est\u00e1 construida colegiatadebolea.es?<\/strong> <strong>Mediante el CMS web WordPress de<\/strong> WordPress.org <strong> <\/strong><strong>Sobre los enlaces dirigidos a colegiatadebolea.es <\/strong> Cualquier usuario, persona f\u00edsica o jur\u00eddica es libre de dirigir links o enlaces a <strong>colegiatadebolea.es<\/strong> sin que exista una relaci\u00f3n entre ambos ni la aprobaci\u00f3n o aceptaci\u00f3n de sus contenidos y servicios. <strong>Derechos que pueden ejercitarse:<\/strong> Cualquier persona tiene derecho a obtener confirmaci\u00f3n sobre si la Asociaci\u00f3n de Amigos de la Colegiata de Bolea est\u00e1 tratando datos personales que les conciernan, o no. Las personas interesadas tienen derecho a si acceder a sus datos personales, as\u00ed como a solicitar la rectificaci\u00f3n de los datos inexactos o, en su caso, solicitar su supresi\u00f3n cuando, entre otros motivos, los datos ya no sean necesarios para los fines que fueron recogidos. En determinadas circunstancias, los interesados podr\u00e1n solicitar la limitaci\u00f3n del tratamiento de sus datos, en cuyo caso \u00fanicamente los conservaremos para el ejercicio o la defensa de reclamaciones. En determinadas circunstancias y por motivos relacionados con su situaci\u00f3n particular, los interesados podr\u00e1n oponerse al tratamiento de sus datos. Asociaci\u00f3n de Amigos de la Colegiata de Bolea dejar\u00e1 de tratar los datos, salvo por motivos leg\u00edtimos imperiosos, o el ejercicio o la defensa de posibles reclamaciones. Para ejercer sus derechos, cualquier interesado podr\u00e1 hacerlo por escrito dirigido a Asociaci\u00f3n de Amigos de la Colegiata de Bolea junto con prueba v\u00e1lida en derecho, como fotocopia del D.N.I. e indicando en el asunto \u201cPROTECCI\u00d3N DE DATOS\u201d. Deber\u00e1, acreditando debidamente su identidad, especificar los datos personales y la motivaci\u00f3n de su solicitud a la siguiente direcci\u00f3n: Asociaci\u00f3n de Amigos de la Colegiata de Bolea C\/Medio N\u00ba 3 \u2013 22160 \u2013 BOLEA (Huesca) <strong>Procedencia de los datos:<\/strong> Los datos recabados por la Asociaci\u00f3n de Amigos de la Colegiata de Bolea proceden \u00fanicamente de sus formularios de contacto. Los datos personales que trata La Asociaci\u00f3n de Amigos de la Colegiata de Bolea han sido facilitados por el propio interesado. El interesado que env\u00eda la informaci\u00f3n a La Asociaci\u00f3n de Amigos de la Colegiata de Bolea garantiza y responde, en cualquier caso, de la exactitud, vigencia y autenticidad de los datos personales facilitados y se comprometen a mantenerlos debidamente actualizados, exonerando a la Asociaci\u00f3n de Amigos de la Colegiata de Bolea de cualquier responsabilidad al respecto. El usuario acepta proporcionar informaci\u00f3n completa y correcta en los formularios de solicitud de informaci\u00f3n y reserva online. Asimismo, la Asociaci\u00f3n de Amigos de la Colegiata de Bolea no responde de la veracidad de las informaciones que no sean de elaboraci\u00f3n propia y de las que se indique otra fuente, por lo que tampoco asume responsabilidad alguna en cuanto a hipot\u00e9ticos perjuicios que pudieran originarse por el uso de dicha informaci\u00f3n. <strong>Otras consideraciones sobre la Protecci\u00f3n de Datos en colegiatadebolea.es:<\/strong> <strong>Enlaces a otras p\u00e1ginas, enlaces externos:<\/strong> En el contenido de colegiatadebolea.es pueden aparecer hiperv\u00ednculos a otros sitios web o documentos de terceros. Si durante la navegaci\u00f3n en estos sitios web se le solicitan datos personales, el visitante debe tener en cuenta que \u00e9stos pueden tener pol\u00edticas de privacidad completamente diferentes a las de colegiatadebolea.es. Desde <strong>colegiatadebolea.es <\/strong>intentamos revisar temporalmente la seguridad, veracidad y utilidad de dichos enlaces externos. <strong>Cookies:<\/strong> Desde el inicio de la navegaci\u00f3n en colegiatadebolea.es se descargar\u00e1n cookies en su dispositivo.             Consulta nuestra Pol\u00edtica de Cookies para obtener m\u00e1s informaci\u00f3n. <strong>Redes Sociales:<\/strong> Desde la web colegiatadebolea.es el visitante de la web puede encontrar enlaces para compartir la informaci\u00f3n contenida a trav\u00e9s de redes sociales. Si eres miembro de dicha red social, \u00e9sta puede enlazar los datos personales de tu perfil con la informaci\u00f3n de las p\u00e1ginas de colegiatadebolea.es. Revisa la Pol\u00edtica de Privacidad de tus Redes Sociales y la configuraci\u00f3n de tu perfil. <strong>Modificaci\u00f3n de la presente pol\u00edtica de privacidad:<\/strong> Desde colegiatadebolea.es, nos reservamos el derecho a modificar nuestra Pol\u00edtica de Privacidad debido a las siguientes causas: \u2013 Modificaci\u00f3n de las funcionalidades y servicios de la web que requieran la captaci\u00f3n de datos personales. \u2013 Cambios legislativos, jurisprudenciales o doctrinales por parte de la AEPD (Agencia espa\u00f1ola de Protecci\u00f3n de Datos y la UE). En dichos supuestos colegiatadebolea.es anunciar\u00e1 en esta p\u00e1gina los cambios introducidos con razonable antelaci\u00f3n a su puesta en pr\u00e1ctica.    <\/p>\n<\/div>\n<\/div><\/div><\/div><\/div><\/div><\/div><\/section><section class=\"l-section wpb_row us_custom_6e74c4b0 height_medium\"><div class=\"l-section-h i-cf\"><div class=\"g-cols vc_row via_grid cols_1 laptops-cols_inherit tablets-cols_inherit mobiles-cols_1 valign_top type_default stacking_default\"><div class=\"wpb_column vc_column_container\"><div class=\"vc_column-inner\"><div class=\"wpb_text_column\"><div class=\"wpb_wrapper\"><p style=\"text-align: center\">The Collegiate Church of Bolea was declared a national Monument of Histroric and Artistic Value (BIC) on 23rd February 1983, it is the seat of the Parish Church of Bolea; it thus forms part of the Artistic Property of the Diocese of Huesca.<br \/>Its maintenance, protection and publicity for cultural and tourist purposes is the responsibility of the Association of Friends of the College Church of Bolea, a non-profit making association, set up by public initiative in 1991 and currently numbering.  <\/p>\n<\/div><\/div><\/div><\/div><\/div><\/div><\/section><section class=\"l-section wpb_row height_custom color_primary\"><div class=\"l-section-h i-cf\"><div class=\"g-cols vc_row via_grid cols_1 laptops-cols_inherit tablets-cols_inherit mobiles-cols_1 valign_top type_default stacking_default\"><div class=\"wpb_column vc_column_container\"><div class=\"vc_column-inner\"><div class=\"w-actionbox color_primary controls_right\"><div class=\"w-actionbox-text\"><h2 class=\"w-actionbox-title\">If you have any questions, please contact us.<\/h2><\/div><div class=\"w-actionbox-controls\"><a class=\"w-btn us-btn-style_4\" href=\"https:\/\/colegiatadebolea.es\/en\/contact\/\" style=\"font-size:18px;\"><span class=\"w-btn-label\">Contact<\/span><\/a><\/div><\/div><\/div><\/div><\/div><\/div><\/section>\n","protected":false},"excerpt":{"rendered":"Privacy Policy Documento de pol\u00edtica de privacidad de datos actualizado a 20 de julio de 2025 La privacidad de tus datos personales es importante para nosotros. Gracias por informarte y confiar en nuestra gesti\u00f3n. Conforme al Reglamento General sobre Protecci\u00f3n de datos RGPD, al aceptar nuestra pol\u00edtica de privacidad est\u00e1s prestando un consentimiento informado, expreso,...","protected":false},"author":2,"featured_media":0,"parent":0,"menu_order":0,"comment_status":"closed","ping_status":"closed","template":"","meta":{"_acf_changed":false,"footnotes":""},"class_list":["post-10960","page","type-page","status-publish","hentry"],"acf":[],"yoast_head":"<!-- This site is optimized with the Yoast SEO plugin v25.8 - https:\/\/yoast.com\/wordpress\/plugins\/seo\/ -->\n<title>Privacy Policy - Asociaci\u00f3n de Amigos de la Colegiata de Bolea - Huesca<\/title>\n<meta name=\"robots\" content=\"index, follow, max-snippet:-1, max-image-preview:large, max-video-preview:-1\" \/>\n<link rel=\"canonical\" href=\"https:\/\/colegiatadebolea.es\/en\/privacy-policy\/\" \/>\n<meta property=\"og:locale\" content=\"en_US\" \/>\n<meta property=\"og:type\" content=\"article\" \/>\n<meta property=\"og:title\" content=\"Privacy Policy - Asociaci\u00f3n de Amigos de la Colegiata de Bolea - Huesca\" \/>\n<meta property=\"og:url\" content=\"https:\/\/colegiatadebolea.es\/en\/privacy-policy\/\" \/>\n<meta property=\"og:site_name\" content=\"Asociaci\u00f3n de Amigos de la Colegiata de Bolea - Huesca\" \/>\n<meta property=\"article:publisher\" content=\"https:\/\/www.facebook.com\/pages\/ColegiatadeBolea\/915137545269794\/\" \/>\n<meta property=\"article:modified_time\" content=\"2025-08-28T14:26:55+00:00\" \/>\n<meta property=\"og:image\" content=\"https:\/\/colegiatadebolea.es\/wp-content\/uploads\/colegiata-de-bolea-la-colegiata-bobeda-y-parte-superior-del-retablo-mayor.jpg\" \/>\n\t<meta property=\"og:image:width\" content=\"1600\" \/>\n\t<meta property=\"og:image:height\" content=\"1093\" \/>\n\t<meta property=\"og:image:type\" content=\"image\/jpeg\" \/>\n<meta name=\"twitter:card\" content=\"summary_large_image\" \/>\n<meta name=\"twitter:label1\" content=\"Est. reading time\" \/>\n\t<meta name=\"twitter:data1\" content=\"8 minutes\" \/>\n<script type=\"application\/ld+json\" class=\"yoast-schema-graph\">{\"@context\":\"https:\/\/schema.org\",\"@graph\":[{\"@type\":\"WebPage\",\"@id\":\"https:\/\/colegiatadebolea.es\/en\/privacy-policy\/\",\"url\":\"https:\/\/colegiatadebolea.es\/en\/privacy-policy\/\",\"name\":\"Privacy Policy - Asociaci\u00f3n de Amigos de la Colegiata de Bolea - Huesca\",\"isPartOf\":{\"@id\":\"https:\/\/colegiatadebolea.es\/en\/#website\"},\"datePublished\":\"2025-07-20T09:03:23+00:00\",\"dateModified\":\"2025-08-28T14:26:55+00:00\",\"breadcrumb\":{\"@id\":\"https:\/\/colegiatadebolea.es\/en\/privacy-policy\/#breadcrumb\"},\"inLanguage\":\"en-US\",\"potentialAction\":[{\"@type\":\"ReadAction\",\"target\":[\"https:\/\/colegiatadebolea.es\/en\/privacy-policy\/\"]}]},{\"@type\":\"BreadcrumbList\",\"@id\":\"https:\/\/colegiatadebolea.es\/en\/privacy-policy\/#breadcrumb\",\"itemListElement\":[{\"@type\":\"ListItem\",\"position\":1,\"name\":\"Portada\",\"item\":\"https:\/\/colegiatadebolea.es\/en\/\"},{\"@type\":\"ListItem\",\"position\":2,\"name\":\"Privacy Policy\"}]},{\"@type\":\"WebSite\",\"@id\":\"https:\/\/colegiatadebolea.es\/en\/#website\",\"url\":\"https:\/\/colegiatadebolea.es\/en\/\",\"name\":\"Asociaci\u00f3n de Amigos de la Colegiata de Bolea - Huesca\",\"description\":\"Colegiata de Santa Mar\u00eda la Mayor de Bolea es una iglesia en la transici\u00f3n del g\u00f3tico al renacimiento construida entre 1541 y 1599 por Pedro de Ir\u00e1zabal. Retablo Mayor obra maestra de la pintura espa\u00f1ola del renacimiento.\",\"publisher\":{\"@id\":\"https:\/\/colegiatadebolea.es\/en\/#organization\"},\"alternateName\":\"Colegiata de Bolea\",\"potentialAction\":[{\"@type\":\"SearchAction\",\"target\":{\"@type\":\"EntryPoint\",\"urlTemplate\":\"https:\/\/colegiatadebolea.es\/en\/?s={search_term_string}\"},\"query-input\":{\"@type\":\"PropertyValueSpecification\",\"valueRequired\":true,\"valueName\":\"search_term_string\"}}],\"inLanguage\":\"en-US\"},{\"@type\":\"Organization\",\"@id\":\"https:\/\/colegiatadebolea.es\/en\/#organization\",\"name\":\"Asociaci\u00f3n de Amigos de la Colegiata de Bolea\",\"url\":\"https:\/\/colegiatadebolea.es\/en\/\",\"logo\":{\"@type\":\"ImageObject\",\"inLanguage\":\"en-US\",\"@id\":\"https:\/\/colegiatadebolea.es\/en\/#\/schema\/logo\/image\/\",\"url\":\"https:\/\/colegiatadebolea.es\/wp-content\/uploads\/colegiata-de-bolea-logoamigos-favicon.png\",\"contentUrl\":\"https:\/\/colegiatadebolea.es\/wp-content\/uploads\/colegiata-de-bolea-logoamigos-favicon.png\",\"width\":512,\"height\":512,\"caption\":\"Asociaci\u00f3n de Amigos de la Colegiata de Bolea\"},\"image\":{\"@id\":\"https:\/\/colegiatadebolea.es\/en\/#\/schema\/logo\/image\/\"},\"sameAs\":[\"https:\/\/www.facebook.com\/pages\/ColegiatadeBolea\/915137545269794\/\",\"https:\/\/www.instagram.com\/colegiatadebolea\"]}]}<\/script>\n<!-- \/ Yoast SEO plugin. -->","yoast_head_json":{"title":"Privacy Policy - Asociaci\u00f3n de Amigos de la Colegiata de Bolea - Huesca","robots":{"index":"index","follow":"follow","max-snippet":"max-snippet:-1","max-image-preview":"max-image-preview:large","max-video-preview":"max-video-preview:-1"},"canonical":"https:\/\/colegiatadebolea.es\/en\/privacy-policy\/","og_locale":"en_US","og_type":"article","og_title":"Privacy Policy - Asociaci\u00f3n de Amigos de la Colegiata de Bolea - Huesca","og_url":"https:\/\/colegiatadebolea.es\/en\/privacy-policy\/","og_site_name":"Asociaci\u00f3n de Amigos de la Colegiata de Bolea - Huesca","article_publisher":"https:\/\/www.facebook.com\/pages\/ColegiatadeBolea\/915137545269794\/","article_modified_time":"2025-08-28T14:26:55+00:00","og_image":[{"width":1600,"height":1093,"url":"https:\/\/colegiatadebolea.es\/wp-content\/uploads\/colegiata-de-bolea-la-colegiata-bobeda-y-parte-superior-del-retablo-mayor.jpg","type":"image\/jpeg"}],"twitter_card":"summary_large_image","twitter_misc":{"Est. reading time":"8 minutes"},"schema":{"@context":"https:\/\/schema.org","@graph":[{"@type":"WebPage","@id":"https:\/\/colegiatadebolea.es\/en\/privacy-policy\/","url":"https:\/\/colegiatadebolea.es\/en\/privacy-policy\/","name":"Privacy Policy - Asociaci\u00f3n de Amigos de la Colegiata de Bolea - Huesca","isPartOf":{"@id":"https:\/\/colegiatadebolea.es\/en\/#website"},"datePublished":"2025-07-20T09:03:23+00:00","dateModified":"2025-08-28T14:26:55+00:00","breadcrumb":{"@id":"https:\/\/colegiatadebolea.es\/en\/privacy-policy\/#breadcrumb"},"inLanguage":"en-US","potentialAction":[{"@type":"ReadAction","target":["https:\/\/colegiatadebolea.es\/en\/privacy-policy\/"]}]},{"@type":"BreadcrumbList","@id":"https:\/\/colegiatadebolea.es\/en\/privacy-policy\/#breadcrumb","itemListElement":[{"@type":"ListItem","position":1,"name":"Portada","item":"https:\/\/colegiatadebolea.es\/en\/"},{"@type":"ListItem","position":2,"name":"Privacy Policy"}]},{"@type":"WebSite","@id":"https:\/\/colegiatadebolea.es\/en\/#website","url":"https:\/\/colegiatadebolea.es\/en\/","name":"Asociaci\u00f3n de Amigos de la Colegiata de Bolea - Huesca","description":"Colegiata de Santa Mar\u00eda la Mayor de Bolea es una iglesia en la transici\u00f3n del g\u00f3tico al renacimiento construida entre 1541 y 1599 por Pedro de Ir\u00e1zabal. Retablo Mayor obra maestra de la pintura espa\u00f1ola del renacimiento.","publisher":{"@id":"https:\/\/colegiatadebolea.es\/en\/#organization"},"alternateName":"Colegiata de Bolea","potentialAction":[{"@type":"SearchAction","target":{"@type":"EntryPoint","urlTemplate":"https:\/\/colegiatadebolea.es\/en\/?s={search_term_string}"},"query-input":{"@type":"PropertyValueSpecification","valueRequired":true,"valueName":"search_term_string"}}],"inLanguage":"en-US"},{"@type":"Organization","@id":"https:\/\/colegiatadebolea.es\/en\/#organization","name":"Asociaci\u00f3n de Amigos de la Colegiata de Bolea","url":"https:\/\/colegiatadebolea.es\/en\/","logo":{"@type":"ImageObject","inLanguage":"en-US","@id":"https:\/\/colegiatadebolea.es\/en\/#\/schema\/logo\/image\/","url":"https:\/\/colegiatadebolea.es\/wp-content\/uploads\/colegiata-de-bolea-logoamigos-favicon.png","contentUrl":"https:\/\/colegiatadebolea.es\/wp-content\/uploads\/colegiata-de-bolea-logoamigos-favicon.png","width":512,"height":512,"caption":"Asociaci\u00f3n de Amigos de la Colegiata de Bolea"},"image":{"@id":"https:\/\/colegiatadebolea.es\/en\/#\/schema\/logo\/image\/"},"sameAs":["https:\/\/www.facebook.com\/pages\/ColegiatadeBolea\/915137545269794\/","https:\/\/www.instagram.com\/colegiatadebolea"]}]}},"_links":{"self":[{"href":"https:\/\/colegiatadebolea.es\/en\/wp-json\/wp\/v2\/pages\/10960","targetHints":{"allow":["GET"]}}],"collection":[{"href":"https:\/\/colegiatadebolea.es\/en\/wp-json\/wp\/v2\/pages"}],"about":[{"href":"https:\/\/colegiatadebolea.es\/en\/wp-json\/wp\/v2\/types\/page"}],"author":[{"embeddable":true,"href":"https:\/\/colegiatadebolea.es\/en\/wp-json\/wp\/v2\/users\/2"}],"replies":[{"embeddable":true,"href":"https:\/\/colegiatadebolea.es\/en\/wp-json\/wp\/v2\/comments?post=10960"}],"version-history":[{"count":4,"href":"https:\/\/colegiatadebolea.es\/en\/wp-json\/wp\/v2\/pages\/10960\/revisions"}],"predecessor-version":[{"id":10964,"href":"https:\/\/colegiatadebolea.es\/en\/wp-json\/wp\/v2\/pages\/10960\/revisions\/10964"}],"wp:attachment":[{"href":"https:\/\/colegiatadebolea.es\/en\/wp-json\/wp\/v2\/media?parent=10960"}],"curies":[{"name":"wp","href":"https:\/\/api.w.org\/{rel}","templated":true}]}}