{"id":10952,"date":"2025-07-20T23:24:33","date_gmt":"2025-07-20T21:24:33","guid":{"rendered":"https:\/\/colegiatadebolea.es\/legal-notice\/"},"modified":"2025-08-31T11:23:43","modified_gmt":"2025-08-31T09:23:43","slug":"legal-notice","status":"publish","type":"page","link":"https:\/\/colegiatadebolea.es\/en\/legal-notice\/","title":{"rendered":"Legal Notice"},"content":{"rendered":"<section class=\"l-section wpb_row height_custom color_primary\"><div class=\"l-section-h i-cf\"><div class=\"g-cols vc_row via_grid cols_1 laptops-cols_inherit tablets-cols_inherit mobiles-cols_1 valign_top type_default stacking_default\"><div class=\"wpb_column vc_column_container\"><div class=\"vc_column-inner\"><div class=\"wpb_text_column\"><div class=\"wpb_wrapper\"><h1 style=\"text-align: center;\">Legal Notice<\/h1>\n<\/div><\/div><div class=\"w-separator size_small\"><\/div><div class=\"w-iconbox iconpos_top style_default color_custom align_center no_text no_title\"><div class=\"w-iconbox-icon\" style=\"font-size:2rem;\"><i class=\"far fa-chevron-down\"><\/i><\/div><div class=\"w-iconbox-meta\"><\/div><\/div><\/div><\/div><\/div><\/div><\/section><section class=\"l-section wpb_row height_medium\"><div class=\"l-section-h i-cf\"><div class=\"g-cols vc_row via_grid cols_1 laptops-cols_inherit tablets-cols_inherit mobiles-cols_1 valign_top type_default stacking_default\" style=\"--columns-gap:65px;\"><div class=\"wpb_column vc_column_container\"><div class=\"vc_column-inner\"><div class=\"wpb_text_column\"><div class=\"wpb_wrapper\"><p><strong>Documento de informaci\u00f3n legal actualizado a 14 de marzo de 2023<\/strong><\/p>\n<p>Datos del responsable del sitio web:<br \/>\nAsociaci\u00f3n de Amigos de la Colegiata de Bolea<br \/>\nCIF: G22135560<br \/>\nC\/Medio N\u00ba 3 \u2013 22160 \u2013 BOLEA (Huesca)<br \/>\ninfo@colegiatadebolea.es<br \/>\n+ 34 649 655 125<\/p>\n<p><strong>\u00bfCu\u00e1l es la finalidad del sitio web colegiatadebolea.es?<\/strong><\/p>\n<p>Las finalidades de nuestro sitio web son:<\/p>\n<ul>\n<li>Dar a conocer La Colegiata de Santa Mar\u00eda la Mayor de Bolea<\/li>\n<li>Contactar con la Asociaci\u00f3n de Amigos de la Colegiata de Bolea.<\/li>\n<\/ul>\n<p><strong>Propiedad Intelectual e Industrial:<\/strong><\/p>\n<p>Las fotograf\u00edas que aparecen en el sitio web pertenecen a: La Asociaci\u00f3n de Amigos de la Colegiata de Bolea, Santiago Castilla, David Rivar\u00e9s y Manuel Gonz\u00e1lez<\/p>\n<p>El sitio web, incluyendo a t\u00edtulo enunciativo pero no limitativo, su programaci\u00f3n, edici\u00f3n, compilaci\u00f3n y dem\u00e1s elementos necesarios para su funcionamiento, los dise\u00f1os, logotipos, texto y\/o gr\u00e1ficos son propiedad del prestador o en su caso dispone de licencia o autorizaci\u00f3n expresa por parte de los autores. Todos los contenidos del sitio web se encuentran debidamente protegidos por la normativa de propiedad intelectual e industrial, as\u00ed como inscritos en los registros p\u00fablicos correspondientes. <\/p>\n<p>Independientemente de la finalidad para la que fueran destinados, la reproducci\u00f3n total o parcial, uso, explotaci\u00f3n, distribuci\u00f3n y comercializaci\u00f3n, requiere en todo caso de la autorizaci\u00f3n escrita previa por parte del prestador. Cualquier uso no autorizado previamente por parte del prestador ser\u00e1 considerado un incumplimiento grave de los derechos de propiedad intelectual o industrial del autor. <\/p>\n<p>Los dise\u00f1os, logotipos, texto y\/o gr\u00e1ficos ajenos al prestador y que pudieran aparecer en el sitio web, pertenecen a sus respectivos propietarios, siendo ellos mismos responsables de cualquier posible controversia que pudiera suscitarse respecto a los mismos. En todo caso, el prestador cuenta con la autorizaci\u00f3n expresa y previa por parte de los mismos. <\/p>\n<p>La Asociaci\u00f3n de Amigos de la Colegiata de Bolea autoriza expresamente a que terceros puedan redirigir directamente a los contenidos concretos del sitio web.<\/p>\n<p>La Asociaci\u00f3n de Amigos de la Colegiata de Bolea reconoce a favor de sus titulares los correspondientes derechos de propiedad industrial e intelectual, no implicando su sola menci\u00f3n o aparici\u00f3n en el sitio web la existencia de derechos o responsabilidad alguna del prestador sobre los mismos, como tampoco respaldo, patrocinio o recomendaci\u00f3n por parte del mismo.<\/p>\n<p>Para realizar cualquier tipo de observaci\u00f3n respecto a posibles incumplimientos de los derechos de propiedad intelectual o industrial, as\u00ed como sobre cualquiera de los contenidos del sitio web, puede hacerlo a trav\u00e9s del siguiente correo electr\u00f3nico:<\/p>\n<p><a href=\"mailto:info@colegiatadebolea.es\"><u>info@colegiatadebolea.es<\/u><\/a><\/p>\n<p><strong> <\/strong><strong>Responsabilidad y Exclusi\u00f3n de Garant\u00edas:<\/strong><\/p>\n<p>La Asociaci\u00f3n de Amigos de la Colegiata de Bolea y el sitio web <strong>colegiatadebolea.es <\/strong>no se hace responsable de los da\u00f1os y perjuicios ocasionados por:<\/p>\n<p>Errores u Omisiones en los contenidos de la web.<\/p>\n<p>La falta de disponibilidad de la web que pueda deberse a mantenimientos t\u00e9cnicos en su contenido o en su servicio de Hosting, o que acontezcan causas de fuerza mayor, cat\u00e1strofes naturales, huelgas, o circunstancias semejantes que hagan imposible el acceso a la p\u00e1gina web.<\/p>\n<p>La transmisi\u00f3n de virus inform\u00e1ticos o programas maliciosos que pudiesen afectar al visitante tras el ataque o infecci\u00f3n de <strong>colegiatadebolea.es <\/strong>o sus proveedores de Hosting pese a disponer de las medidas de seguridad necesarias para evitarlo.<\/p>\n<p><strong>Modificaci\u00f3n de Contenidos y Servicios:<\/strong><\/p>\n<p>La Asociaci\u00f3n de Amigos de la Colegiata de Bolea se reserva el derecho a modificar, suprimir o a\u00f1adir contenidos o servicios en la web colegiatadebolea.es<\/p>\n<p>Enlaces, links e hiperv\u00ednculos en colegiatadebolea.es<\/p>\n<p>Las personas f\u00edsicas o jur\u00eddicas, los sitios webs y terceros por cualquier medio que realicen enlaces a los contenidos de colegiatadebolea.es<\/p>\n<p>Deber\u00e1n:<\/p>\n<p>Citar adecuadamente el origen de la informaci\u00f3n y no realizar ninguna modificaci\u00f3n en la misma.<\/p>\n<p>Necesitar\u00e1n autorizaci\u00f3n expresa de la Asociaci\u00f3n de Amigos de la Colegiata de Bolea<\/p>\n<p>No se difundir\u00e1 ninguna manifestaci\u00f3n falsa, parcial o incorrecta sobre colegiatadebolea.es y sus contenidos.<\/p>\n<p>Cualquier enlace a colegiatadebolea.es no supondr\u00e1 la existencia de relaciones entre La Asociaci\u00f3n de Amigos de la Colegiata de Bolea y quien lo realice, y La Asociaci\u00f3n de Amigos de la Colegiata de Bolea no ser\u00e1 responsable de los contenidos y servicios de dichas webs o portales.<\/p>\n<p>Desde <strong>colegiatadebolea.es<\/strong> pueden existir enlaces a webs y portales de terceros con la funci\u00f3n de ampliar informaci\u00f3n sobre el entorno y la actividad de La Asociaci\u00f3n de Amigos de la Colegiata de Bolea. La Asociaci\u00f3n de Amigos de la Colegiata de Bolea no tiene responsabilidad ni control sobre los contenidos y servicios de dichas webs y portales. <\/p>\n<p><strong>Sobre este Aviso Legal:<\/strong><\/p>\n<p>La Asociaci\u00f3n de Amigos de la Colegiata de Bolea podr\u00e1 modificar en cualquier momento esta Nota Legal. Su vigencia reside en su exposici\u00f3n p\u00fablica en la presente p\u00e1gina y puede y debe ser modificado en funci\u00f3n de cambios legales de prestaci\u00f3n de servicios u organizaci\u00f3n de la entidad. <\/p>\n<p>Las modificaciones ser\u00e1n debidamente anunciadas y publicadas.<\/p>\n<p><strong> <\/strong><strong>Ley Aplicable y Jurisdicci\u00f3n:<\/strong><\/p>\n<p>Para la resoluci\u00f3n de todas las controversias o cuestiones relacionadas con el presente sitio web o de las actividades en \u00e9l desarrolladas, ser\u00e1 de aplicaci\u00f3n la legislaci\u00f3n espa\u00f1ola y de la Uni\u00f3n Europea (UE).<\/p>\n<\/div><\/div><\/div><\/div><\/div><\/div><\/section><section class=\"l-section wpb_row us_custom_6e74c4b0 height_medium\"><div class=\"l-section-h i-cf\"><div class=\"g-cols vc_row via_grid cols_1 laptops-cols_inherit tablets-cols_inherit mobiles-cols_1 valign_top type_default stacking_default\"><div class=\"wpb_column vc_column_container\"><div class=\"vc_column-inner\"><div class=\"wpb_text_column\"><div class=\"wpb_wrapper\"><p style=\"text-align: center;\">The Collegiate Church of Bolea was declared a national Monument of Histroric and Artistic Value (BIC) on 23rd February 1983, it is the seat of the Parish Church of Bolea; it thus forms part of the Artistic Property of the Diocese of Huesca.<br \/>Its maintenance, protection and publicity for cultural and tourist purposes is the responsibility of the Association of Friends of the College Church of Bolea, a non-profit making association, set up by public initiative in 1991 and currently numbering.  <\/p>\n<\/div><\/div><\/div><\/div><\/div><\/div><\/section><section class=\"l-section wpb_row height_custom color_primary\"><div class=\"l-section-h i-cf\"><div class=\"g-cols vc_row via_grid cols_1 laptops-cols_inherit tablets-cols_inherit mobiles-cols_1 valign_top type_default stacking_default\"><div class=\"wpb_column vc_column_container\"><div class=\"vc_column-inner\"><div class=\"w-actionbox color_primary controls_right\"><div class=\"w-actionbox-text\"><h2 class=\"w-actionbox-title\">If you have any questions, please contact us.<\/h2><\/div><div class=\"w-actionbox-controls\"><a class=\"w-btn us-btn-style_4\" href=\"https:\/\/colegiatadebolea.es\/en\/contact\/\" style=\"font-size:18px;\"><span class=\"w-btn-label\">Contact<\/span><\/a><\/div><\/div><\/div><\/div><\/div><\/div><\/section>\n","protected":false},"excerpt":{"rendered":"Legal Notice Documento de informaci\u00f3n legal actualizado a 14 de marzo de 2023 Datos del responsable del sitio web: Asociaci\u00f3n de Amigos de la Colegiata de Bolea CIF: G22135560 C\/Medio N\u00ba 3 \u2013 22160 \u2013 BOLEA (Huesca) info@colegiatadebolea.es + 34 649 655 125 \u00bfCu\u00e1l es la finalidad del sitio web colegiatadebolea.es? Las finalidades de nuestro...","protected":false},"author":2,"featured_media":0,"parent":0,"menu_order":0,"comment_status":"closed","ping_status":"closed","template":"","meta":{"_acf_changed":false,"footnotes":""},"class_list":["post-10952","page","type-page","status-publish","hentry"],"acf":[],"yoast_head":"<!-- This site is optimized with the Yoast SEO plugin v25.8 - https:\/\/yoast.com\/wordpress\/plugins\/seo\/ -->\n<title>Legal Notice - Asociaci\u00f3n de Amigos de la Colegiata de Bolea - Huesca<\/title>\n<meta name=\"robots\" content=\"noindex, follow\" \/>\n<meta property=\"og:locale\" content=\"en_US\" \/>\n<meta property=\"og:type\" content=\"article\" \/>\n<meta property=\"og:title\" content=\"Legal Notice - Asociaci\u00f3n de Amigos de la Colegiata de Bolea - Huesca\" \/>\n<meta property=\"og:url\" content=\"https:\/\/colegiatadebolea.es\/en\/legal-notice\/\" \/>\n<meta property=\"og:site_name\" content=\"Asociaci\u00f3n de Amigos de la Colegiata de Bolea - Huesca\" \/>\n<meta property=\"article:publisher\" content=\"https:\/\/www.facebook.com\/pages\/ColegiatadeBolea\/915137545269794\/\" \/>\n<meta property=\"article:modified_time\" content=\"2025-08-31T09:23:43+00:00\" \/>\n<meta property=\"og:image\" content=\"https:\/\/colegiatadebolea.es\/wp-content\/uploads\/colegiata-de-bolea-la-colegiata-bobeda-y-parte-superior-del-retablo-mayor.jpg\" \/>\n\t<meta property=\"og:image:width\" content=\"1600\" \/>\n\t<meta property=\"og:image:height\" content=\"1093\" \/>\n\t<meta property=\"og:image:type\" content=\"image\/jpeg\" \/>\n<meta name=\"twitter:card\" content=\"summary_large_image\" \/>\n<meta name=\"twitter:label1\" content=\"Est. reading time\" \/>\n\t<meta name=\"twitter:data1\" content=\"6 minutes\" \/>\n<script type=\"application\/ld+json\" class=\"yoast-schema-graph\">{\"@context\":\"https:\/\/schema.org\",\"@graph\":[{\"@type\":\"WebPage\",\"@id\":\"https:\/\/colegiatadebolea.es\/en\/legal-notice\/\",\"url\":\"https:\/\/colegiatadebolea.es\/en\/legal-notice\/\",\"name\":\"Legal Notice - Asociaci\u00f3n de Amigos de la Colegiata de Bolea - Huesca\",\"isPartOf\":{\"@id\":\"https:\/\/colegiatadebolea.es\/en\/#website\"},\"datePublished\":\"2025-07-20T21:24:33+00:00\",\"dateModified\":\"2025-08-31T09:23:43+00:00\",\"breadcrumb\":{\"@id\":\"https:\/\/colegiatadebolea.es\/en\/legal-notice\/#breadcrumb\"},\"inLanguage\":\"en-US\",\"potentialAction\":[{\"@type\":\"ReadAction\",\"target\":[\"https:\/\/colegiatadebolea.es\/en\/legal-notice\/\"]}]},{\"@type\":\"BreadcrumbList\",\"@id\":\"https:\/\/colegiatadebolea.es\/en\/legal-notice\/#breadcrumb\",\"itemListElement\":[{\"@type\":\"ListItem\",\"position\":1,\"name\":\"Portada\",\"item\":\"https:\/\/colegiatadebolea.es\/en\/\"},{\"@type\":\"ListItem\",\"position\":2,\"name\":\"Legal Notice\"}]},{\"@type\":\"WebSite\",\"@id\":\"https:\/\/colegiatadebolea.es\/en\/#website\",\"url\":\"https:\/\/colegiatadebolea.es\/en\/\",\"name\":\"Asociaci\u00f3n de Amigos de la Colegiata de Bolea - Huesca\",\"description\":\"Colegiata de Santa Mar\u00eda la Mayor de Bolea es una iglesia en la transici\u00f3n del g\u00f3tico al renacimiento construida entre 1541 y 1599 por Pedro de Ir\u00e1zabal. Retablo Mayor obra maestra de la pintura espa\u00f1ola del renacimiento.\",\"publisher\":{\"@id\":\"https:\/\/colegiatadebolea.es\/en\/#organization\"},\"alternateName\":\"Colegiata de Bolea\",\"potentialAction\":[{\"@type\":\"SearchAction\",\"target\":{\"@type\":\"EntryPoint\",\"urlTemplate\":\"https:\/\/colegiatadebolea.es\/en\/?s={search_term_string}\"},\"query-input\":{\"@type\":\"PropertyValueSpecification\",\"valueRequired\":true,\"valueName\":\"search_term_string\"}}],\"inLanguage\":\"en-US\"},{\"@type\":\"Organization\",\"@id\":\"https:\/\/colegiatadebolea.es\/en\/#organization\",\"name\":\"Asociaci\u00f3n de Amigos de la Colegiata de Bolea\",\"url\":\"https:\/\/colegiatadebolea.es\/en\/\",\"logo\":{\"@type\":\"ImageObject\",\"inLanguage\":\"en-US\",\"@id\":\"https:\/\/colegiatadebolea.es\/en\/#\/schema\/logo\/image\/\",\"url\":\"https:\/\/colegiatadebolea.es\/wp-content\/uploads\/colegiata-de-bolea-logoamigos-favicon.png\",\"contentUrl\":\"https:\/\/colegiatadebolea.es\/wp-content\/uploads\/colegiata-de-bolea-logoamigos-favicon.png\",\"width\":512,\"height\":512,\"caption\":\"Asociaci\u00f3n de Amigos de la Colegiata de Bolea\"},\"image\":{\"@id\":\"https:\/\/colegiatadebolea.es\/en\/#\/schema\/logo\/image\/\"},\"sameAs\":[\"https:\/\/www.facebook.com\/pages\/ColegiatadeBolea\/915137545269794\/\",\"https:\/\/www.instagram.com\/colegiatadebolea\"]}]}<\/script>\n<!-- \/ Yoast SEO plugin. -->","yoast_head_json":{"title":"Legal Notice - Asociaci\u00f3n de Amigos de la Colegiata de Bolea - Huesca","robots":{"index":"noindex","follow":"follow"},"og_locale":"en_US","og_type":"article","og_title":"Legal Notice - Asociaci\u00f3n de Amigos de la Colegiata de Bolea - Huesca","og_url":"https:\/\/colegiatadebolea.es\/en\/legal-notice\/","og_site_name":"Asociaci\u00f3n de Amigos de la Colegiata de Bolea - Huesca","article_publisher":"https:\/\/www.facebook.com\/pages\/ColegiatadeBolea\/915137545269794\/","article_modified_time":"2025-08-31T09:23:43+00:00","og_image":[{"width":1600,"height":1093,"url":"https:\/\/colegiatadebolea.es\/wp-content\/uploads\/colegiata-de-bolea-la-colegiata-bobeda-y-parte-superior-del-retablo-mayor.jpg","type":"image\/jpeg"}],"twitter_card":"summary_large_image","twitter_misc":{"Est. reading time":"6 minutes"},"schema":{"@context":"https:\/\/schema.org","@graph":[{"@type":"WebPage","@id":"https:\/\/colegiatadebolea.es\/en\/legal-notice\/","url":"https:\/\/colegiatadebolea.es\/en\/legal-notice\/","name":"Legal Notice - Asociaci\u00f3n de Amigos de la Colegiata de Bolea - Huesca","isPartOf":{"@id":"https:\/\/colegiatadebolea.es\/en\/#website"},"datePublished":"2025-07-20T21:24:33+00:00","dateModified":"2025-08-31T09:23:43+00:00","breadcrumb":{"@id":"https:\/\/colegiatadebolea.es\/en\/legal-notice\/#breadcrumb"},"inLanguage":"en-US","potentialAction":[{"@type":"ReadAction","target":["https:\/\/colegiatadebolea.es\/en\/legal-notice\/"]}]},{"@type":"BreadcrumbList","@id":"https:\/\/colegiatadebolea.es\/en\/legal-notice\/#breadcrumb","itemListElement":[{"@type":"ListItem","position":1,"name":"Portada","item":"https:\/\/colegiatadebolea.es\/en\/"},{"@type":"ListItem","position":2,"name":"Legal Notice"}]},{"@type":"WebSite","@id":"https:\/\/colegiatadebolea.es\/en\/#website","url":"https:\/\/colegiatadebolea.es\/en\/","name":"Asociaci\u00f3n de Amigos de la Colegiata de Bolea - Huesca","description":"Colegiata de Santa Mar\u00eda la Mayor de Bolea es una iglesia en la transici\u00f3n del g\u00f3tico al renacimiento construida entre 1541 y 1599 por Pedro de Ir\u00e1zabal. Retablo Mayor obra maestra de la pintura espa\u00f1ola del renacimiento.","publisher":{"@id":"https:\/\/colegiatadebolea.es\/en\/#organization"},"alternateName":"Colegiata de Bolea","potentialAction":[{"@type":"SearchAction","target":{"@type":"EntryPoint","urlTemplate":"https:\/\/colegiatadebolea.es\/en\/?s={search_term_string}"},"query-input":{"@type":"PropertyValueSpecification","valueRequired":true,"valueName":"search_term_string"}}],"inLanguage":"en-US"},{"@type":"Organization","@id":"https:\/\/colegiatadebolea.es\/en\/#organization","name":"Asociaci\u00f3n de Amigos de la Colegiata de Bolea","url":"https:\/\/colegiatadebolea.es\/en\/","logo":{"@type":"ImageObject","inLanguage":"en-US","@id":"https:\/\/colegiatadebolea.es\/en\/#\/schema\/logo\/image\/","url":"https:\/\/colegiatadebolea.es\/wp-content\/uploads\/colegiata-de-bolea-logoamigos-favicon.png","contentUrl":"https:\/\/colegiatadebolea.es\/wp-content\/uploads\/colegiata-de-bolea-logoamigos-favicon.png","width":512,"height":512,"caption":"Asociaci\u00f3n de Amigos de la Colegiata de Bolea"},"image":{"@id":"https:\/\/colegiatadebolea.es\/en\/#\/schema\/logo\/image\/"},"sameAs":["https:\/\/www.facebook.com\/pages\/ColegiatadeBolea\/915137545269794\/","https:\/\/www.instagram.com\/colegiatadebolea"]}]}},"_links":{"self":[{"href":"https:\/\/colegiatadebolea.es\/en\/wp-json\/wp\/v2\/pages\/10952","targetHints":{"allow":["GET"]}}],"collection":[{"href":"https:\/\/colegiatadebolea.es\/en\/wp-json\/wp\/v2\/pages"}],"about":[{"href":"https:\/\/colegiatadebolea.es\/en\/wp-json\/wp\/v2\/types\/page"}],"author":[{"embeddable":true,"href":"https:\/\/colegiatadebolea.es\/en\/wp-json\/wp\/v2\/users\/2"}],"replies":[{"embeddable":true,"href":"https:\/\/colegiatadebolea.es\/en\/wp-json\/wp\/v2\/comments?post=10952"}],"version-history":[{"count":6,"href":"https:\/\/colegiatadebolea.es\/en\/wp-json\/wp\/v2\/pages\/10952\/revisions"}],"predecessor-version":[{"id":11292,"href":"https:\/\/colegiatadebolea.es\/en\/wp-json\/wp\/v2\/pages\/10952\/revisions\/11292"}],"wp:attachment":[{"href":"https:\/\/colegiatadebolea.es\/en\/wp-json\/wp\/v2\/media?parent=10952"}],"curies":[{"name":"wp","href":"https:\/\/api.w.org\/{rel}","templated":true}]}}