{"id":10926,"date":"2025-07-20T23:58:07","date_gmt":"2025-07-20T21:58:07","guid":{"rendered":"https:\/\/colegiatadebolea.es\/cookies\/"},"modified":"2025-08-28T13:06:00","modified_gmt":"2025-08-28T11:06:00","slug":"cookies","status":"publish","type":"page","link":"https:\/\/colegiatadebolea.es\/en\/cookies\/","title":{"rendered":"Cookies"},"content":{"rendered":"<section class=\"l-section wpb_row height_custom color_primary\"><div class=\"l-section-h i-cf\"><div class=\"g-cols vc_row via_grid cols_1 laptops-cols_inherit tablets-cols_inherit mobiles-cols_1 valign_top type_default stacking_default\"><div class=\"wpb_column vc_column_container\"><div class=\"vc_column-inner\"><div class=\"wpb_text_column\"><div class=\"wpb_wrapper\"><h1 style=\"text-align: center;\">Sobre las Cookies<\/h1>\n<\/div><\/div><div class=\"w-separator size_small\"><\/div><div class=\"w-iconbox iconpos_top style_default color_custom align_center no_text no_title\"><div class=\"w-iconbox-icon\" style=\"font-size:2rem;\"><i class=\"far fa-chevron-down\"><\/i><\/div><div class=\"w-iconbox-meta\"><\/div><\/div><\/div><\/div><\/div><\/div><\/section><section class=\"l-section wpb_row height_medium\"><div class=\"l-section-h i-cf\"><div class=\"g-cols vc_row via_grid cols_1 laptops-cols_inherit tablets-cols_inherit mobiles-cols_1 valign_top type_default stacking_default\" style=\"--columns-gap:calc(3rem + 17.5px);\"><div class=\"wpb_column vc_column_container\"><div class=\"vc_column-inner\"><div class=\"wpb_text_column\"><div class=\"wpb_wrapper\"><p><strong>Documento de pol\u00edtica de cookies actualizado a 20 de julio de 2025<\/strong><\/p>\n<p><strong>colegiatadebolea.es<\/strong> y la Asociaci\u00f3n de Amigos de la Colegiata de Bolea.<\/p>\n<p><strong>Pol\u00edtica de cookies de la web colegiatadebolea.es:<\/strong><\/p>\n<p><strong>colegiatadebolea.es<\/strong> y la Asociaci\u00f3n de Amigos de la Colegiata de Bolea., intentan cumplir con la normativa referente a las Cookies. Dentro del \u00e1mbito de la nueva reglamentaci\u00f3n de Protecci\u00f3n de Datos: RGPD y la LSSI dentro del EPrivacy.<\/p>\n<p>Internet se encuentra en evoluci\u00f3n constante y tambi\u00e9n la normativa que lo regula.<\/p>\n<p>Intentamos adaptarnos r\u00e1pidamente a esta normativa para cumplir la Ley. Nuestro objetivo es que ninguna cookie se descargue en tu equipo sin tu consentimiento. <\/p>\n<p>En el caso de las cookies gestionadas por terceros es algo que puede ser dif\u00edcil. Terceros como Google (Analytics) o los v\u00eddeos Youtube modifican continuamente la naturaleza de sus Cookies sin que nosotros tengamos control sobre ello. <\/p>\n<p>Si alguna de las cookies que se descarguen en tu equipo durante la navegaci\u00f3n de la web no aparecen en la lista de Cookies que te mostramos m\u00e1s abajo, env\u00edanos esa informaci\u00f3n.<\/p>\n<p>Recuerda que como te mostramos m\u00e1s abajo, puedes configurar las preferencias sobre las Cookies desde tu navegador web.<\/p>\n<p><strong>\u00bfQu\u00e9 son las cookies y por qu\u00e9 son importantes para tu privacidad?<\/strong><\/p>\n<p>Las cookies son peque\u00f1os archivos que con toda probabilidad se almacenan en tu equipo al navegar por una web durante un tiempo determinado. Esa web las utiliza para mejorar la experiencia de navegaci\u00f3n. Por ejemplo para almacenar la identidad de un usuario durante la sesi\u00f3n, almacenar los productos seleccionados en una compra etc.  <\/p>\n<p>\u00bfHas buscado alg\u00fan producto en internet y m\u00e1s tarde, visitando otras webs te aparecen banners de publicidad con ofertas sobre ese mismo tipo de productos?<\/p>\n<p>Existen tambi\u00e9n cookies que recogen tus preferencias e historial de navegaci\u00f3n y que luego sirven para mostrarte una publicidad personalizada.<\/p>\n<p>\u00bfHas o\u00eddo hablar de Google Analytics? Es una herramienta para conocer entre otras muchas cosas el n\u00famero de visitantes de una web. S\u00ed, Google Analytics tiene su propia Cookie (ga).  <\/p>\n<p><strong>\u00bfQu\u00e9 Cookies utiliza colegiatadebolea.es?<\/strong><\/p>\n<p>Utilizamos cookies propias y de terceros. Seguro que has le\u00eddo esta frase antes. <\/p>\n<p>Significa que utilizamos Cookies propias creadas por la programaci\u00f3n de nuestro sitio web. La primera de ellas es que aceptas navegar por \u00e9l aceptando las Cookies. Tambi\u00e9n algunos servicios de terceros como Analytics o los V\u00eddeos de Youtube dejar\u00e1n cookies en tu equipo.  <\/p>\n<p>Las Cookies que utiliza <strong>colegiatadebolea.es<\/strong> no recopilan datos personales como tu Nombre y Apellidos o tu direcci\u00f3n. Se asocian a tu sesi\u00f3n como visitante de la web y a tu dispositivo o equipo inform\u00e1tico de forma an\u00f3nima, y no tendremos acceso a las Cookies de otras webs que se encuentren en el equipo del visitante. <\/p>\n<p>Consulta las opciones sobre Cookies en tu navegador habitual. Puedes aceptar o rechazar por defecto todas las Cookies o recibir avisos inmediatos sobre cualquier Cookie que vaya a instalarse. <\/p>\n<p>Si decides navegar en <strong>colegiatadebolea.es<\/strong> con una restricci\u00f3n completa de las Cookies o una configuraci\u00f3n personalizada, la web podr\u00e1 ser usable y visible pero con algunas funcionalidades restringidas o no disponibles. Por ejemplo. Si no aceptas las Cookies NID de Youtube los v\u00eddeos no podr\u00e1n reproducirse durante tu navegaci\u00f3n.  <\/p>\n<p>Nuestras Cookies:<\/p>\n<ul>\n<li>Ayudan un funcionamiento correcto de la web.<\/li>\n<li>Ayudan a hacer el sitio Seguro.<\/li>\n<li>Permiten realizar la Reserva Online.<\/li>\n<li>Mejoran el tiempo de respuesta y carga de la web.<\/li>\n<li>Permiten elaborar estad\u00edsticas de las visitas a la web<\/li>\n<\/ul>\n<p><strong>\u00bfQu\u00e9 Cookies de terceros pueden descargarse navegando en colegiatadebolea.es?<\/strong><\/p>\n<p>Actualmente la mayor\u00eda de las web utiliza servicios para mostrar determinados elementos, o que se activan durante su navegaci\u00f3n que son prestados por terceros. Como ejemplo de estos servicios podemos citar: Cookies espec\u00edficas del fabricante del tema de WordPress utilizado para crear la web, cookies del servicio de reserva online perteneciente a covermanager para los mapas de localizaci\u00f3n de Google, Google Analytics\u2026 <\/p>\n<p>Usamos de forma estable y continuada las siguientes cookies de terceros:<\/p>\n<p><strong>WordPress:<\/strong><\/p>\n<p>Nuestra web, <strong>colegiatadebolea.es<\/strong> est\u00e1 creada mediante el CMS WordPress propiedad de la empresa estadounidense Automattic Inc. Automattic puede usar en determinado momento cookies que no son conocidas por los responsables de <strong>colegiatadebolea.es<\/strong> y que puedes tener variados fines para el mantenimiento y la administraci\u00f3n del CMS as\u00ed como para la recogida de datos de los visitantes de la web. En ning\u00fan caso estas cookies afectan a datos personales y <strong>colegiatadebolea.es<\/strong> no recibe ninguna contraprestaci\u00f3n.  <\/p>\n<p>Pol\u00edtica de Cookies de Automattic: <a href=\"https:\/\/automattic.com\/cookies\/\">https:\/\/automattic.com\/cookies\/<\/a><\/p>\n<p><strong>Youtube:<\/strong><\/p>\n<p>En algunas p\u00e1ginas de la web, documentos, o entradas del blog, pueden aparecer v\u00eddeos contenidos en la plataforma de Streaming Youtube. Youtube pertenece a Google, inc. <\/p>\n<p>Para m\u00e1s informaci\u00f3n: <a href=\"https:\/\/policies.google.com\/privacy?hl=es\">https:\/\/policies.google.com\/privacy?hl=es<\/a><\/p>\n<p><strong>Redes Sociales:<\/strong><\/p>\n<p>Desde <strong>colegiatadebolea.es<\/strong> facilitamos que cierto contenido de la web pueda ser compartido mediante redes sociales. Si durante la navegaci\u00f3n, tu usuario en determinada red social se encuentra activo o lo activas durante la navegaci\u00f3n, es posible que seg\u00fan el tipo de pol\u00edticas de privacidad y cookies que hayas aceptado al crear tu cuenta en las mismas entren en funcionamiento o se descarguen en tu dispositivo. De cualquier manera <strong>colegiatadebolea.es<\/strong> no intervendr\u00e1 en la gesti\u00f3n de esas cookies ni obtendr\u00e1 ninguna informaci\u00f3n de ellas.  <\/p>\n<p>Los servicios proporcionados por terceros pueden afectar a todo lo contenido en la pol\u00edtica de cookies ya que es casi imposible informar por adelantado de las cookies que van a participar en su prestaci\u00f3n. En ning\u00fan caso se comprometer\u00e1 la privacidad de datos del visitante de la web. Se trata de Cookies provisionales y poco persistentes.  <\/p>\n<p><strong>Tipos de Cookies:<\/strong><\/p>\n<p>Si consultas la Pol\u00edtica de Cookies de varias webs ver\u00e1s que las clasificaciones y tipos de cookies que aparentemente difieren o se entrecruzan.<\/p>\n<p>Describiremos nuestra propia clasificaci\u00f3n de forma resumida. Nos referimos a las Cookies en general, no a las que contiene <strong>colegiatadebolea.es<\/strong> <\/p>\n<p><strong>Por su Origen:<\/strong><\/p>\n<ul>\n<li><strong>Cookies Propias:<\/strong> Gestionadas por <strong>colegiatadebolea.es<\/strong> desde su propia web o servidor.<\/li>\n<li><strong>Cookies de Terceros:<\/strong> Cuando no las gestiona <strong>colegiatadebolea.es<\/strong> sino un tercero a trav\u00e9s de uno de los servicios de la web.<\/li>\n<\/ul>\n<p><strong>Por su Duraci\u00f3n:<\/strong><\/p>\n<ul>\n<li><strong>Cookies de Sesi\u00f3n:<\/strong> Las cookies se gestionan durante la sesi\u00f3n. Es decir mientras el visitante de la web navega por sus p\u00e1ginas. <\/li>\n<li><strong>Cookies permanentes o persistentes:<\/strong> Las cookies se almacenan en el dispositivo durante un tiempo determinado m\u00e1s all\u00e1 de la sesi\u00f3n del visitante en la web.<\/li>\n<\/ul>\n<p><strong>Por su finalidad:<\/strong><\/p>\n<ul>\n<li><strong>T\u00e9cnicas o estrictamente necesarias<\/strong>: Son imprescindibles para el funcionamiento t\u00e9cnico o b\u00e1sico de la web. Por ejemplo permiten el tr\u00e1fico y la descarga de archivos desde el servidor a todos los visitantes, la identificaci\u00f3n como usuario, el acceso\u2026 <\/li>\n<li><strong>De Personalizaci\u00f3n:<\/strong> Permiten que el visitante de la web configure ciertas opciones de la web tales como: Selecci\u00f3n de idioma, selecci\u00f3n de formatos de visualizaci\u00f3n de elementos etc.<\/li>\n<li><strong>An\u00e1lisis, Estad\u00edstica o Rendimiento:<\/strong> Se trata de Cookies necesarias para elaborar estad\u00edsticas sobre la procedencia y actividad de los usuarios durante sus visitas a la web. La informaci\u00f3n que se recaba no incluye datos personales pero s\u00ed permite crear un perfil seg\u00fan sus preferencias y modos de navegaci\u00f3n. Se utilizan para elaborar informes que permitan mejorar el rendimiento de la p\u00e1gina web, la cantidad de sus visitas y la experiencia de navegaci\u00f3n. El usuario puede bloquear este tipo de cookies mediante diferentes herramientas o desde la configuraci\u00f3n de su navegador.   <\/li>\n<li><strong>Publicitarias:<\/strong> Son Cookies que permiten personalizar la informaci\u00f3n publicitaria que aparece en determinados sitios web. Su finalidad consiste en mostrar publicidad af\u00edn a los intereses de los usuarios basados en sus h\u00e1bitos de navegaci\u00f3n y preferencias. <\/li>\n<\/ul>\n<p><strong>Gestionar y Desactivar Cookies desde mi navegador:<\/strong><\/p>\n<p>Existe una forma de gestionar o desactivar las Cookies en caso de que no deseemos que ninguna se instale en nuestro equipo o dispositivo. Tambi\u00e9n es posible que nuestro navegador nos avise cada vez que una Cookie vaya a instalarse y nos solicite permiso. <\/p>\n<p>Tambi\u00e9n puedes gestionar la eliminaci\u00f3n de las Cookies ya instaladas.<\/p>\n<p>Esta es una lista de enlaces a la informaci\u00f3n y la gesti\u00f3n de cookies en los navegadores m\u00e1s utilizados:<\/p>\n<p><a href=\"https:\/\/support.google.com\/chrome\/answer\/95647?co=GENIE.Platform%3DDesktop&amp;hl=es\">Google Chorme<\/a><\/p>\n<p><a href=\"https:\/\/support.microsoft.com\/es-es\/help\/17442\/windows-internet-explorer-delete-manage-cookies#ie=ie-10\">Internet Explorer<\/a><\/p>\n<p><a href=\"https:\/\/privacy.microsoft.com\/es-es\/windows-10-microsoft-edge-and-privacy\">Microsoft Edge<\/a><\/p>\n<p><a href=\"https:\/\/support.mozilla.org\/es\/kb\/habilitar-y-deshabilitar-cookies-sitios-web-rastrear-preferencias?redirectlocale=es&amp;redirectslug=habilitar-y-deshabilitar-cookies-que-los-sitios-we\">Mozilla Firefox<\/a><\/p>\n<p><a href=\"https:\/\/www.opera.com\/help\/tutorials\/security\/privacy\/\">Opera<\/a><\/p>\n<p><a href=\"https:\/\/support.apple.com\/es-lamr\/HT201265\">Apple Safari<\/a><\/p>\n<p><strong>Las Cookies y el nuevo Reglamento General de Protecci\u00f3n de Datos (RGPD)<\/strong><\/p>\n<p>Desde <strong>colegiatadebolea.es<\/strong> estamos comprometidos con la protecci\u00f3n de datos personales.<\/p>\n<p>La pol\u00edtica de Cookies es uno de los aspectos m\u00e1s controvertidos de la nueva ley. D\u00eda a d\u00eda trabajamos para adaptarnos al nuevo reglamento y cumplir todos los t\u00e9rminos de la ley. <\/p>\n<p>Actualizamos el funcionamiento de las Cookies en <strong>colegiatadebolea.es<\/strong> y modificamos el contenido de la informaci\u00f3n y nuestra pol\u00edtica de Cookies.<\/p>\n<\/div><\/div><\/div><\/div><\/div><\/div><\/section><section class=\"l-section wpb_row us_custom_6e74c4b0 height_medium\"><div class=\"l-section-h i-cf\"><div class=\"g-cols vc_row via_grid cols_1 laptops-cols_inherit tablets-cols_inherit mobiles-cols_1 valign_top type_default stacking_default\"><div class=\"wpb_column vc_column_container\"><div class=\"vc_column-inner\"><div class=\"wpb_text_column\"><div class=\"wpb_wrapper\"><p style=\"text-align: center;\">The Collegiate Church of Bolea was declared a national Monument of Histroric and Artistic Value (BIC) on 23rd February 1983, it is the seat of the Parish Church of Bolea; it thus forms part of the Artistic Property of the Diocese of Huesca.<br \/>Its maintenance, protection and publicity for cultural and tourist purposes is the responsibility of the Association of Friends of the College Church of Bolea, a non-profit making association, set up by public initiative in 1991 and currently numbering.  <\/p>\n<\/div><\/div><\/div><\/div><\/div><\/div><\/section><section class=\"l-section wpb_row height_custom color_primary\"><div class=\"l-section-h i-cf\"><div class=\"g-cols vc_row via_grid cols_1 laptops-cols_inherit tablets-cols_inherit mobiles-cols_1 valign_top type_default stacking_default\"><div class=\"wpb_column vc_column_container\"><div class=\"vc_column-inner\"><div class=\"w-actionbox color_primary controls_right\"><div class=\"w-actionbox-text\"><h2 class=\"w-actionbox-title\">If you have any questions, please contact us.<\/h2><\/div><div class=\"w-actionbox-controls\"><a class=\"w-btn us-btn-style_4\" href=\"https:\/\/colegiatadebolea.es\/en\/contact\/\" style=\"font-size:18px;\"><span class=\"w-btn-label\">Contact<\/span><\/a><\/div><\/div><\/div><\/div><\/div><\/div><\/section>\n","protected":false},"excerpt":{"rendered":"Sobre las Cookies Documento de pol\u00edtica de cookies actualizado a 20 de julio de 2025 colegiatadebolea.es y la Asociaci\u00f3n de Amigos de la Colegiata de Bolea. Pol\u00edtica de cookies de la web colegiatadebolea.es: colegiatadebolea.es y la Asociaci\u00f3n de Amigos de la Colegiata de Bolea., intentan cumplir con la normativa referente a las Cookies. Dentro del...","protected":false},"author":2,"featured_media":0,"parent":0,"menu_order":0,"comment_status":"closed","ping_status":"closed","template":"","meta":{"_acf_changed":false,"footnotes":""},"class_list":["post-10926","page","type-page","status-publish","hentry"],"acf":[],"yoast_head":"<!-- This site is optimized with the Yoast SEO plugin v25.8 - https:\/\/yoast.com\/wordpress\/plugins\/seo\/ -->\n<title>Cookies - Asociaci\u00f3n de Amigos de la Colegiata de Bolea - Huesca<\/title>\n<meta name=\"robots\" content=\"index, follow, max-snippet:-1, max-image-preview:large, max-video-preview:-1\" \/>\n<link rel=\"canonical\" href=\"https:\/\/colegiatadebolea.es\/en\/cookies\/\" \/>\n<meta property=\"og:locale\" content=\"en_US\" \/>\n<meta property=\"og:type\" content=\"article\" \/>\n<meta property=\"og:title\" content=\"Cookies - Asociaci\u00f3n de Amigos de la Colegiata de Bolea - Huesca\" \/>\n<meta property=\"og:url\" content=\"https:\/\/colegiatadebolea.es\/en\/cookies\/\" \/>\n<meta property=\"og:site_name\" content=\"Asociaci\u00f3n de Amigos de la Colegiata de Bolea - Huesca\" \/>\n<meta property=\"article:publisher\" content=\"https:\/\/www.facebook.com\/pages\/ColegiatadeBolea\/915137545269794\/\" \/>\n<meta property=\"article:modified_time\" content=\"2025-08-28T11:06:00+00:00\" \/>\n<meta property=\"og:image\" content=\"https:\/\/colegiatadebolea.es\/wp-content\/uploads\/colegiata-de-bolea-la-colegiata-bobeda-y-parte-superior-del-retablo-mayor.jpg\" \/>\n\t<meta property=\"og:image:width\" content=\"1600\" \/>\n\t<meta property=\"og:image:height\" content=\"1093\" \/>\n\t<meta property=\"og:image:type\" content=\"image\/jpeg\" \/>\n<meta name=\"twitter:card\" content=\"summary_large_image\" \/>\n<meta name=\"twitter:label1\" content=\"Est. reading time\" \/>\n\t<meta name=\"twitter:data1\" content=\"9 minutes\" \/>\n<script type=\"application\/ld+json\" class=\"yoast-schema-graph\">{\"@context\":\"https:\/\/schema.org\",\"@graph\":[{\"@type\":\"WebPage\",\"@id\":\"https:\/\/colegiatadebolea.es\/en\/cookies\/\",\"url\":\"https:\/\/colegiatadebolea.es\/en\/cookies\/\",\"name\":\"Cookies - Asociaci\u00f3n de Amigos de la Colegiata de Bolea - Huesca\",\"isPartOf\":{\"@id\":\"https:\/\/colegiatadebolea.es\/en\/#website\"},\"datePublished\":\"2025-07-20T21:58:07+00:00\",\"dateModified\":\"2025-08-28T11:06:00+00:00\",\"breadcrumb\":{\"@id\":\"https:\/\/colegiatadebolea.es\/en\/cookies\/#breadcrumb\"},\"inLanguage\":\"en-US\",\"potentialAction\":[{\"@type\":\"ReadAction\",\"target\":[\"https:\/\/colegiatadebolea.es\/en\/cookies\/\"]}]},{\"@type\":\"BreadcrumbList\",\"@id\":\"https:\/\/colegiatadebolea.es\/en\/cookies\/#breadcrumb\",\"itemListElement\":[{\"@type\":\"ListItem\",\"position\":1,\"name\":\"Portada\",\"item\":\"https:\/\/colegiatadebolea.es\/en\/\"},{\"@type\":\"ListItem\",\"position\":2,\"name\":\"Cookies\"}]},{\"@type\":\"WebSite\",\"@id\":\"https:\/\/colegiatadebolea.es\/en\/#website\",\"url\":\"https:\/\/colegiatadebolea.es\/en\/\",\"name\":\"Asociaci\u00f3n de Amigos de la Colegiata de Bolea - Huesca\",\"description\":\"Colegiata de Santa Mar\u00eda la Mayor de Bolea es una iglesia en la transici\u00f3n del g\u00f3tico al renacimiento construida entre 1541 y 1599 por Pedro de Ir\u00e1zabal. Retablo Mayor obra maestra de la pintura espa\u00f1ola del renacimiento.\",\"publisher\":{\"@id\":\"https:\/\/colegiatadebolea.es\/en\/#organization\"},\"alternateName\":\"Colegiata de Bolea\",\"potentialAction\":[{\"@type\":\"SearchAction\",\"target\":{\"@type\":\"EntryPoint\",\"urlTemplate\":\"https:\/\/colegiatadebolea.es\/en\/?s={search_term_string}\"},\"query-input\":{\"@type\":\"PropertyValueSpecification\",\"valueRequired\":true,\"valueName\":\"search_term_string\"}}],\"inLanguage\":\"en-US\"},{\"@type\":\"Organization\",\"@id\":\"https:\/\/colegiatadebolea.es\/en\/#organization\",\"name\":\"Asociaci\u00f3n de Amigos de la Colegiata de Bolea\",\"url\":\"https:\/\/colegiatadebolea.es\/en\/\",\"logo\":{\"@type\":\"ImageObject\",\"inLanguage\":\"en-US\",\"@id\":\"https:\/\/colegiatadebolea.es\/en\/#\/schema\/logo\/image\/\",\"url\":\"https:\/\/colegiatadebolea.es\/wp-content\/uploads\/colegiata-de-bolea-logoamigos-favicon.png\",\"contentUrl\":\"https:\/\/colegiatadebolea.es\/wp-content\/uploads\/colegiata-de-bolea-logoamigos-favicon.png\",\"width\":512,\"height\":512,\"caption\":\"Asociaci\u00f3n de Amigos de la Colegiata de Bolea\"},\"image\":{\"@id\":\"https:\/\/colegiatadebolea.es\/en\/#\/schema\/logo\/image\/\"},\"sameAs\":[\"https:\/\/www.facebook.com\/pages\/ColegiatadeBolea\/915137545269794\/\",\"https:\/\/www.instagram.com\/colegiatadebolea\"]}]}<\/script>\n<!-- \/ Yoast SEO plugin. -->","yoast_head_json":{"title":"Cookies - Asociaci\u00f3n de Amigos de la Colegiata de Bolea - Huesca","robots":{"index":"index","follow":"follow","max-snippet":"max-snippet:-1","max-image-preview":"max-image-preview:large","max-video-preview":"max-video-preview:-1"},"canonical":"https:\/\/colegiatadebolea.es\/en\/cookies\/","og_locale":"en_US","og_type":"article","og_title":"Cookies - Asociaci\u00f3n de Amigos de la Colegiata de Bolea - Huesca","og_url":"https:\/\/colegiatadebolea.es\/en\/cookies\/","og_site_name":"Asociaci\u00f3n de Amigos de la Colegiata de Bolea - Huesca","article_publisher":"https:\/\/www.facebook.com\/pages\/ColegiatadeBolea\/915137545269794\/","article_modified_time":"2025-08-28T11:06:00+00:00","og_image":[{"width":1600,"height":1093,"url":"https:\/\/colegiatadebolea.es\/wp-content\/uploads\/colegiata-de-bolea-la-colegiata-bobeda-y-parte-superior-del-retablo-mayor.jpg","type":"image\/jpeg"}],"twitter_card":"summary_large_image","twitter_misc":{"Est. reading time":"9 minutes"},"schema":{"@context":"https:\/\/schema.org","@graph":[{"@type":"WebPage","@id":"https:\/\/colegiatadebolea.es\/en\/cookies\/","url":"https:\/\/colegiatadebolea.es\/en\/cookies\/","name":"Cookies - Asociaci\u00f3n de Amigos de la Colegiata de Bolea - Huesca","isPartOf":{"@id":"https:\/\/colegiatadebolea.es\/en\/#website"},"datePublished":"2025-07-20T21:58:07+00:00","dateModified":"2025-08-28T11:06:00+00:00","breadcrumb":{"@id":"https:\/\/colegiatadebolea.es\/en\/cookies\/#breadcrumb"},"inLanguage":"en-US","potentialAction":[{"@type":"ReadAction","target":["https:\/\/colegiatadebolea.es\/en\/cookies\/"]}]},{"@type":"BreadcrumbList","@id":"https:\/\/colegiatadebolea.es\/en\/cookies\/#breadcrumb","itemListElement":[{"@type":"ListItem","position":1,"name":"Portada","item":"https:\/\/colegiatadebolea.es\/en\/"},{"@type":"ListItem","position":2,"name":"Cookies"}]},{"@type":"WebSite","@id":"https:\/\/colegiatadebolea.es\/en\/#website","url":"https:\/\/colegiatadebolea.es\/en\/","name":"Asociaci\u00f3n de Amigos de la Colegiata de Bolea - Huesca","description":"Colegiata de Santa Mar\u00eda la Mayor de Bolea es una iglesia en la transici\u00f3n del g\u00f3tico al renacimiento construida entre 1541 y 1599 por Pedro de Ir\u00e1zabal. Retablo Mayor obra maestra de la pintura espa\u00f1ola del renacimiento.","publisher":{"@id":"https:\/\/colegiatadebolea.es\/en\/#organization"},"alternateName":"Colegiata de Bolea","potentialAction":[{"@type":"SearchAction","target":{"@type":"EntryPoint","urlTemplate":"https:\/\/colegiatadebolea.es\/en\/?s={search_term_string}"},"query-input":{"@type":"PropertyValueSpecification","valueRequired":true,"valueName":"search_term_string"}}],"inLanguage":"en-US"},{"@type":"Organization","@id":"https:\/\/colegiatadebolea.es\/en\/#organization","name":"Asociaci\u00f3n de Amigos de la Colegiata de Bolea","url":"https:\/\/colegiatadebolea.es\/en\/","logo":{"@type":"ImageObject","inLanguage":"en-US","@id":"https:\/\/colegiatadebolea.es\/en\/#\/schema\/logo\/image\/","url":"https:\/\/colegiatadebolea.es\/wp-content\/uploads\/colegiata-de-bolea-logoamigos-favicon.png","contentUrl":"https:\/\/colegiatadebolea.es\/wp-content\/uploads\/colegiata-de-bolea-logoamigos-favicon.png","width":512,"height":512,"caption":"Asociaci\u00f3n de Amigos de la Colegiata de Bolea"},"image":{"@id":"https:\/\/colegiatadebolea.es\/en\/#\/schema\/logo\/image\/"},"sameAs":["https:\/\/www.facebook.com\/pages\/ColegiatadeBolea\/915137545269794\/","https:\/\/www.instagram.com\/colegiatadebolea"]}]}},"_links":{"self":[{"href":"https:\/\/colegiatadebolea.es\/en\/wp-json\/wp\/v2\/pages\/10926","targetHints":{"allow":["GET"]}}],"collection":[{"href":"https:\/\/colegiatadebolea.es\/en\/wp-json\/wp\/v2\/pages"}],"about":[{"href":"https:\/\/colegiatadebolea.es\/en\/wp-json\/wp\/v2\/types\/page"}],"author":[{"embeddable":true,"href":"https:\/\/colegiatadebolea.es\/en\/wp-json\/wp\/v2\/users\/2"}],"replies":[{"embeddable":true,"href":"https:\/\/colegiatadebolea.es\/en\/wp-json\/wp\/v2\/comments?post=10926"}],"version-history":[{"count":2,"href":"https:\/\/colegiatadebolea.es\/en\/wp-json\/wp\/v2\/pages\/10926\/revisions"}],"predecessor-version":[{"id":10928,"href":"https:\/\/colegiatadebolea.es\/en\/wp-json\/wp\/v2\/pages\/10926\/revisions\/10928"}],"wp:attachment":[{"href":"https:\/\/colegiatadebolea.es\/en\/wp-json\/wp\/v2\/media?parent=10926"}],"curies":[{"name":"wp","href":"https:\/\/api.w.org\/{rel}","templated":true}]}}